{"id":618,"date":"2025-05-05T15:40:27","date_gmt":"2025-05-05T13:40:27","guid":{"rendered":"https:\/\/kv-pflegeleistungen.de\/?page_id=618"},"modified":"2026-01-08T14:56:24","modified_gmt":"2026-01-08T13:56:24","slug":"pflegegrad","status":"publish","type":"page","link":"https:\/\/kv-pflegeleistungen.de\/tr\/pflegegrad\/","title":{"rendered":"Bak\u0131m derecesi"},"content":{"rendered":"<div data-elementor-type=\"wp-page\" data-elementor-id=\"618\" class=\"elementor elementor-618\" data-elementor-settings=\"{&quot;ha_cmc_init_switcher&quot;:&quot;no&quot;}\" data-elementor-post-type=\"page\">\n\t\t\t\t<div class=\"elementor-element elementor-element-7eb08495 e-flex e-con-boxed e-con e-parent\" data-id=\"7eb08495\" data-element_type=\"container\" data-settings=\"{&quot;background_background&quot;:&quot;classic&quot;,&quot;_ha_eqh_enable&quot;:false}\">\n\t\t\t\t\t<div class=\"e-con-inner\">\n\t\t<div class=\"elementor-element elementor-element-725c17f5 e-con-full e-flex e-con e-child\" data-id=\"725c17f5\" data-element_type=\"container\" data-settings=\"{&quot;animation&quot;:&quot;none&quot;,&quot;_ha_eqh_enable&quot;:false}\">\n\t\t\t\t<div class=\"elementor-element elementor-element-42b9ad4c elementor-widget elementor-widget-heading\" data-id=\"42b9ad4c\" data-element_type=\"widget\" data-settings=\"{&quot;_animation&quot;:&quot;none&quot;,&quot;ekit_we_effect_on&quot;:&quot;none&quot;}\" data-widget_type=\"heading.default\">\n\t\t\t\t<div class=\"elementor-widget-container\">\n\t\t\t\t\t<h2 class=\"elementor-heading-title elementor-size-default\">Bak\u0131m derecesi - dan\u0131\u015fmanl\u0131k ve destek<\/h2>\t\t\t\t<\/div>\n\t\t\t\t<\/div>\n\t\t\t\t<\/div>\n\t\t\t\t\t<\/div>\n\t\t\t\t<\/div>\n\t\t<div class=\"elementor-element elementor-element-7f81171c e-flex e-con-boxed e-con e-parent\" data-id=\"7f81171c\" data-element_type=\"container\" data-settings=\"{&quot;_ha_eqh_enable&quot;:false}\">\n\t\t\t\t\t<div class=\"e-con-inner\">\n\t\t<div class=\"elementor-element elementor-element-6e427c77 e-con-full e-flex e-con e-child\" data-id=\"6e427c77\" data-element_type=\"container\" data-settings=\"{&quot;_ha_eqh_enable&quot;:false}\">\n\t\t\t\t<div class=\"elementor-element elementor-element-736b8031 elementor-widget elementor-widget-heading\" data-id=\"736b8031\" data-element_type=\"widget\" data-settings=\"{&quot;_animation&quot;:&quot;none&quot;,&quot;ekit_we_effect_on&quot;:&quot;none&quot;}\" data-widget_type=\"heading.default\">\n\t\t\t\t<div class=\"elementor-widget-container\">\n\t\t\t\t\t<h2 class=\"elementor-heading-title elementor-size-default\">Bak\u0131m derecesi y\u00f6netimi - uzman\u0131n\u0131z yan\u0131n\u0131zda<\/h2>\t\t\t\t<\/div>\n\t\t\t\t<\/div>\n\t\t\t\t<div class=\"elementor-element elementor-element-188b15dc elementor-widget elementor-widget-text-editor\" data-id=\"188b15dc\" data-element_type=\"widget\" data-settings=\"{&quot;_animation&quot;:&quot;none&quot;,&quot;ekit_we_effect_on&quot;:&quot;none&quot;}\" data-widget_type=\"text-editor.default\">\n\t\t\t\t<div class=\"elementor-widget-container\">\n\t\t\t\t\t\t\t\t\t<p><strong><span class=\"OYPEnA font-feature-liga-off font-feature-clig-off font-feature-calt-off text-decoration-none text-strikethrough-none\">Eski uzmanlardan profesyonel destek<\/span><\/strong><\/p><p><span class=\"OYPEnA font-feature-liga-off font-feature-clig-off font-feature-calt-off text-decoration-none text-strikethrough-none\">De\u011ferlendirici olarak uzun y\u0131llara dayanan deneyimimizle, bak\u0131m derecesinin t\u00fcm y\u00f6nleri konusunda size ki\u015fiselle\u015ftirilmi\u015f ve uzman deste\u011fi sunuyoruz. De\u011ferlendirme randevusuna haz\u0131rl\u0131ktan itiraz durumunda deste\u011fe kadar - m\u00fcmk\u00fcn olan en iyi bak\u0131m s\u0131n\u0131fland\u0131rmas\u0131n\u0131 elde etmek ve hakk\u0131n\u0131z olan t\u00fcm yard\u0131mlar\u0131 almak i\u00e7in uzman bilgimizi kullan\u0131n.<\/span><\/p>\t\t\t\t\t\t\t\t<\/div>\n\t\t\t\t<\/div>\n\t\t<div class=\"elementor-element elementor-element-2fdfb8a e-con-full e-flex e-con e-child\" data-id=\"2fdfb8a\" data-element_type=\"container\" data-settings=\"{&quot;_ha_eqh_enable&quot;:false}\">\n\t\t<div class=\"elementor-element elementor-element-14cfdbea e-con-full e-flex e-con e-child\" data-id=\"14cfdbea\" data-element_type=\"container\" data-settings=\"{&quot;animation&quot;:&quot;none&quot;,&quot;_ha_eqh_enable&quot;:false}\">\n\t\t\t\t<div class=\"elementor-element elementor-element-15cb8558 elementor-position-left elementor-vertical-align-middle elementor-widget elementor-widget-image-box\" data-id=\"15cb8558\" data-element_type=\"widget\" data-settings=\"{&quot;ekit_we_effect_on&quot;:&quot;none&quot;}\" data-widget_type=\"image-box.default\">\n\t\t\t\t<div class=\"elementor-widget-container\">\n\t\t\t\t\t<div class=\"elementor-image-box-wrapper\"><figure class=\"elementor-image-box-img\"><img fetchpriority=\"high\" decoding=\"async\" width=\"1024\" height=\"1024\" src=\"https:\/\/kv-pflegeleistungen.de\/wp-content\/uploads\/2025\/05\/Vogel.jpg\" class=\"attachment-full size-full wp-image-553\" alt=\"\" srcset=\"https:\/\/kv-pflegeleistungen.de\/wp-content\/uploads\/2025\/05\/Vogel.jpg 1024w, https:\/\/kv-pflegeleistungen.de\/wp-content\/uploads\/2025\/05\/Vogel-300x300.jpg 300w, https:\/\/kv-pflegeleistungen.de\/wp-content\/uploads\/2025\/05\/Vogel-150x150.jpg 150w, https:\/\/kv-pflegeleistungen.de\/wp-content\/uploads\/2025\/05\/Vogel-768x768.jpg 768w, https:\/\/kv-pflegeleistungen.de\/wp-content\/uploads\/2025\/05\/Vogel-12x12.jpg 12w\" sizes=\"(max-width: 1024px) 100vw, 1024px\" \/><\/figure><div class=\"elementor-image-box-content\"><h3 class=\"elementor-image-box-title\">Katharina Vogel<\/h3><\/div><\/div>\t\t\t\t<\/div>\n\t\t\t\t<\/div>\n\t\t\t\t<\/div>\n\t\t\t\t<\/div>\n\t\t\t\t<\/div>\n\t\t<div class=\"elementor-element elementor-element-1e15b07f e-con-full elementor-hidden-mobile e-flex e-con e-child\" data-id=\"1e15b07f\" data-element_type=\"container\" data-settings=\"{&quot;_ha_eqh_enable&quot;:false}\">\n\t\t<div class=\"elementor-element elementor-element-49b9f3cf e-con-full e-flex e-con e-child\" data-id=\"49b9f3cf\" data-element_type=\"container\" data-settings=\"{&quot;background_background&quot;:&quot;classic&quot;,&quot;_ha_eqh_enable&quot;:false}\">\n\t\t\t\t<div class=\"elementor-element elementor-element-2530dfa5 elementor-widget elementor-widget-image\" data-id=\"2530dfa5\" data-element_type=\"widget\" data-settings=\"{&quot;_animation&quot;:&quot;none&quot;,&quot;ekit_we_effect_on&quot;:&quot;none&quot;}\" data-widget_type=\"image.default\">\n\t\t\t\t<div class=\"elementor-widget-container\">\n\t\t\t\t\t\t\t\t\t\t\t\t\t\t\t<img decoding=\"async\" width=\"1000\" height=\"747\" src=\"https:\/\/kv-pflegeleistungen.de\/wp-content\/uploads\/2025\/05\/Pflegegrad.webp\" class=\"attachment-full size-full wp-image-621\" alt=\"\" srcset=\"https:\/\/kv-pflegeleistungen.de\/wp-content\/uploads\/2025\/05\/Pflegegrad.webp 1000w, https:\/\/kv-pflegeleistungen.de\/wp-content\/uploads\/2025\/05\/Pflegegrad-300x224.webp 300w, https:\/\/kv-pflegeleistungen.de\/wp-content\/uploads\/2025\/05\/Pflegegrad-768x574.webp 768w, https:\/\/kv-pflegeleistungen.de\/wp-content\/uploads\/2025\/05\/Pflegegrad-16x12.webp 16w\" sizes=\"(max-width: 1000px) 100vw, 1000px\" \/>\t\t\t\t\t\t\t\t\t\t\t\t\t\t\t<\/div>\n\t\t\t\t<\/div>\n\t\t\t\t<\/div>\n\t\t\t\t<\/div>\n\t\t\t\t\t<\/div>\n\t\t\t\t<\/div>\n\t\t<div class=\"elementor-element elementor-element-59458a1d e-flex e-con-boxed e-con e-parent\" data-id=\"59458a1d\" data-element_type=\"container\" data-settings=\"{&quot;_ha_eqh_enable&quot;:false}\">\n\t\t\t\t\t<div class=\"e-con-inner\">\n\t\t<div class=\"elementor-element elementor-element-26a71bf4 e-con-full e-flex e-con e-child\" data-id=\"26a71bf4\" data-element_type=\"container\" data-settings=\"{&quot;_ha_eqh_enable&quot;:false}\">\n\t\t<div class=\"elementor-element elementor-element-11e331cb e-con-full e-flex e-con e-child\" data-id=\"11e331cb\" data-element_type=\"container\" data-settings=\"{&quot;_ha_eqh_enable&quot;:false}\">\n\t\t<div class=\"elementor-element elementor-element-6bc40e61 e-con-full e-flex e-con e-child\" data-id=\"6bc40e61\" data-element_type=\"container\" data-settings=\"{&quot;background_background&quot;:&quot;classic&quot;,&quot;animation&quot;:&quot;none&quot;,&quot;_ha_eqh_enable&quot;:false}\">\n\t\t\t\t<div class=\"elementor-element elementor-element-2f3aaef2 jkit-equal-height-disable elementor-widget elementor-widget-jkit_icon_box\" data-id=\"2f3aaef2\" data-element_type=\"widget\" data-settings=\"{&quot;ekit_we_effect_on&quot;:&quot;none&quot;}\" data-widget_type=\"jkit_icon_box.default\">\n\t\t\t\t<div class=\"elementor-widget-container\">\n\t\t\t\t\t<div  class=\"jeg-elementor-kit jkit-icon-box icon-position- elementor-animation- jeg_module___69d0e34d7ba28\" ><div class=\"jkit-icon-box-wrapper hover-from-left\"><div class=\"icon-box icon-box-body\">\n                <h2 class=\"title\">\u0130lk elden uzman bilgisi<\/h2><p class=\"icon-box-description\">Eski bir de\u011ferlendirici olarak, kategorizasyon s\u00f6z konusu oldu\u011funda neyin \u00f6nemli oldu\u011funu tam olarak biliyorum. \u00d6nemli noktalara dikkat etmenize ve taleplerinizi m\u00fcmk\u00fcn olan en iyi \u015fekilde temsil etmenize yard\u0131mc\u0131 olaca\u011f\u0131m. Kategorizasyon s\u00fcrecinde hatalardan ka\u00e7\u0131nmak i\u00e7in deneyimlerimden yararlan\u0131n.<\/p>\n            <\/div>\n            \n            <\/div><\/div>\t\t\t\t<\/div>\n\t\t\t\t<\/div>\n\t\t\t\t<\/div>\n\t\t<div class=\"elementor-element elementor-element-7ba4810c e-con-full e-flex e-con e-child\" data-id=\"7ba4810c\" data-element_type=\"container\" data-settings=\"{&quot;animation&quot;:&quot;none&quot;,&quot;_ha_eqh_enable&quot;:false}\">\n\t\t\t\t<div class=\"elementor-element elementor-element-7aaa6835 jkit-equal-height-disable elementor-widget elementor-widget-jkit_icon_box\" data-id=\"7aaa6835\" data-element_type=\"widget\" data-settings=\"{&quot;ekit_we_effect_on&quot;:&quot;none&quot;}\" data-widget_type=\"jkit_icon_box.default\">\n\t\t\t\t<div class=\"elementor-widget-container\">\n\t\t\t\t\t<div  class=\"jeg-elementor-kit jkit-icon-box icon-position- elementor-animation- jeg_module__1_69d0e34d7c76d\" ><div class=\"jkit-icon-box-wrapper hover-from-left\"><div class=\"icon-box icon-box-body\">\n                <h2 class=\"title\">Bak\u0131m de\u011ferlendirmesi i\u00e7in hedefe y\u00f6nelik haz\u0131rl\u0131k <\/h2><p class=\"icon-box-description\">\u0130yi bir haz\u0131rl\u0131k, do\u011fru bir bak\u0131m derecesi s\u0131n\u0131fland\u0131rmas\u0131n\u0131n anahtar\u0131d\u0131r. Sizi de\u011ferlendirme randevusuna kapsaml\u0131 bir \u015fekilde haz\u0131rlayaca\u011f\u0131m, b\u00f6ylece bak\u0131m ihtiyac\u0131 ile ilgili t\u00fcm \u00f6nemli bilgiler de\u011ferlendiriciye a\u00e7\u0131k ve yap\u0131land\u0131r\u0131lm\u0131\u015f bir \u015fekilde sunulacakt\u0131r.<\/p>\n            <\/div>\n            \n            <\/div><\/div>\t\t\t\t<\/div>\n\t\t\t\t<\/div>\n\t\t\t\t<\/div>\n\t\t<div class=\"elementor-element elementor-element-a9ac6fc e-con-full e-flex e-con e-child\" data-id=\"a9ac6fc\" data-element_type=\"container\" data-settings=\"{&quot;animation&quot;:&quot;none&quot;,&quot;_ha_eqh_enable&quot;:false}\">\n\t\t\t\t<div class=\"elementor-element elementor-element-33f713b jkit-equal-height-disable elementor-widget elementor-widget-jkit_icon_box\" data-id=\"33f713b\" data-element_type=\"widget\" data-settings=\"{&quot;ekit_we_effect_on&quot;:&quot;none&quot;}\" data-widget_type=\"jkit_icon_box.default\">\n\t\t\t\t<div class=\"elementor-widget-container\">\n\t\t\t\t\t<div  class=\"jeg-elementor-kit jkit-icon-box icon-position- elementor-animation- jeg_module__2_69d0e34d7d4c9\" ><div class=\"jkit-icon-box-wrapper hover-from-left\"><div class=\"icon-box icon-box-body\">\n                <h2 class=\"title\">\u0130tiraz konusunda profesyonel destek <\/h2><p class=\"icon-box-description\">S\u0131n\u0131fland\u0131rmadan memnun de\u011filseniz veya bak\u0131m seviyesi \u00e7ok d\u00fc\u015f\u00fck olarak s\u0131n\u0131fland\u0131r\u0131lm\u0131\u015fsa, profesyonel bir itiraz form\u00fcle etmenizde size destek olaca\u011f\u0131m. De\u011ferlendirici olarak edindi\u011fim deneyim sayesinde, \u015fans\u0131n\u0131z\u0131 biliyorsunuz ve s\u00fcrece daha g\u00fcvenle girebilirsiniz.<\/p>\n            <\/div>\n            \n            <\/div><\/div>\t\t\t\t<\/div>\n\t\t\t\t<\/div>\n\t\t\t\t<\/div>\n\t\t\t\t<\/div>\n\t\t<div class=\"elementor-element elementor-element-7f84069 e-con-full e-flex e-con e-child\" data-id=\"7f84069\" data-element_type=\"container\" data-settings=\"{&quot;_ha_eqh_enable&quot;:false}\">\n\t\t<div class=\"elementor-element elementor-element-bbfda5e e-con-full e-flex e-con e-child\" data-id=\"bbfda5e\" data-element_type=\"container\" data-settings=\"{&quot;background_background&quot;:&quot;classic&quot;,&quot;animation&quot;:&quot;none&quot;,&quot;_ha_eqh_enable&quot;:false}\">\n\t\t\t\t<div class=\"elementor-element elementor-element-dc88363 jkit-equal-height-disable elementor-widget elementor-widget-jkit_icon_box\" data-id=\"dc88363\" data-element_type=\"widget\" data-settings=\"{&quot;ekit_we_effect_on&quot;:&quot;none&quot;}\" data-widget_type=\"jkit_icon_box.default\">\n\t\t\t\t<div class=\"elementor-widget-container\">\n\t\t\t\t\t<div  class=\"jeg-elementor-kit jkit-icon-box icon-position- elementor-animation- jeg_module__3_69d0e34d7e1c7\" ><div class=\"jkit-icon-box-wrapper hover-from-left\"><div class=\"icon-box icon-box-body\">\n                <h2 class=\"title\">Stresi azalt\u0131n ve zamandan tasarruf edin<\/h2><p class=\"icon-box-description\">B\u00fcrokratik s\u00fcre\u00e7ler zaman al\u0131c\u0131 ve stresli olabilir. Tamamen ailenize ve bak\u0131m\u0131n\u0131za konsantre olabilmeniz i\u00e7in bu i\u015fi sizden al\u0131yorum. B\u0131rak\u0131n b\u00fcrokratik k\u0131sm\u0131 ben halledeyim.<\/p>\n            <\/div>\n            \n            <\/div><\/div>\t\t\t\t<\/div>\n\t\t\t\t<\/div>\n\t\t\t\t<\/div>\n\t\t<div class=\"elementor-element elementor-element-3ca4feb e-con-full e-flex e-con e-child\" data-id=\"3ca4feb\" data-element_type=\"container\" data-settings=\"{&quot;animation&quot;:&quot;none&quot;,&quot;_ha_eqh_enable&quot;:false}\">\n\t\t\t\t<div class=\"elementor-element elementor-element-97afa62 jkit-equal-height-disable elementor-widget elementor-widget-jkit_icon_box\" data-id=\"97afa62\" data-element_type=\"widget\" data-settings=\"{&quot;ekit_we_effect_on&quot;:&quot;none&quot;}\" data-widget_type=\"jkit_icon_box.default\">\n\t\t\t\t<div class=\"elementor-widget-container\">\n\t\t\t\t\t<div  class=\"jeg-elementor-kit jkit-icon-box icon-position- elementor-animation- jeg_module__4_69d0e34d7eeab\" ><div class=\"jkit-icon-box-wrapper hover-from-left\"><div class=\"icon-box icon-box-body\">\n                <h2 class=\"title\">Ba\u015far\u0131 \u015fans\u0131n\u0131n art\u0131r\u0131lmas\u0131<\/h2><p class=\"icon-box-description\">Uzman tavsiyem ve deste\u011fim sayesinde, do\u011fru bak\u0131m seviyesini alma \u015fans\u0131n\u0131z do\u011frudan artar. Bir\u00e7ok kategorizasyon ba\u015flang\u0131\u00e7ta do\u011fru yap\u0131lm\u0131yor - benim deste\u011fimle bunu \u00f6nleyebilirsiniz.<\/p>\n            <\/div>\n            \n            <\/div><\/div>\t\t\t\t<\/div>\n\t\t\t\t<\/div>\n\t\t\t\t<\/div>\n\t\t<div class=\"elementor-element elementor-element-1bd22b9 e-con-full e-flex e-con e-child\" data-id=\"1bd22b9\" data-element_type=\"container\" data-settings=\"{&quot;animation&quot;:&quot;none&quot;,&quot;_ha_eqh_enable&quot;:false}\">\n\t\t\t\t<div class=\"elementor-element elementor-element-51858db jkit-equal-height-disable elementor-widget elementor-widget-jkit_icon_box\" data-id=\"51858db\" data-element_type=\"widget\" data-settings=\"{&quot;ekit_we_effect_on&quot;:&quot;none&quot;}\" data-widget_type=\"jkit_icon_box.default\">\n\t\t\t\t<div class=\"elementor-widget-container\">\n\t\t\t\t\t<div  class=\"jeg-elementor-kit jkit-icon-box icon-position- elementor-animation- jeg_module__5_69d0e34d7fb5c\" ><div class=\"jkit-icon-box-wrapper hover-from-left\"><div class=\"icon-box icon-box-body\">\n                <h2 class=\"title\">\u00d6zelle\u015ftirilmi\u015f destek <\/h2><p class=\"icon-box-description\">Hi\u00e7bir bak\u0131m vakas\u0131 birbirinin ayn\u0131s\u0131 de\u011fildir. Bu nedenle, ki\u015fisel bak\u0131m durumunuza \u00f6zel olarak uyarlanm\u0131\u015f ki\u015fiselle\u015ftirilmi\u015f tavsiyeler sunuyorum. Birlikte ihtiya\u00e7lar\u0131n\u0131z\u0131 en iyi \u015fekilde kar\u015f\u0131layan bir strateji geli\u015ftirece\u011fiz.<\/p>\n            <\/div>\n            \n            <\/div><\/div>\t\t\t\t<\/div>\n\t\t\t\t<\/div>\n\t\t\t\t<\/div>\n\t\t\t\t<\/div>\n\t\t\t\t<\/div>\n\t\t\t\t\t<\/div>\n\t\t\t\t<\/div>\n\t\t<div class=\"elementor-element elementor-element-633a7d2f e-flex e-con-boxed e-con e-parent\" data-id=\"633a7d2f\" data-element_type=\"container\" data-settings=\"{&quot;background_background&quot;:&quot;classic&quot;,&quot;_ha_eqh_enable&quot;:false}\">\n\t\t\t\t\t<div class=\"e-con-inner\">\n\t\t<div class=\"elementor-element elementor-element-cf1e95b e-con-full e-flex e-con e-child\" data-id=\"cf1e95b\" data-element_type=\"container\" data-settings=\"{&quot;_ha_eqh_enable&quot;:false}\">\n\t\t\t\t<div class=\"elementor-element elementor-element-1eec3132 elementor-widget elementor-widget-heading\" data-id=\"1eec3132\" data-element_type=\"widget\" data-settings=\"{&quot;_animation&quot;:&quot;none&quot;,&quot;ekit_we_effect_on&quot;:&quot;none&quot;}\" data-widget_type=\"heading.default\">\n\t\t\t\t<div class=\"elementor-widget-container\">\n\t\t\t\t\t<h2 class=\"elementor-heading-title elementor-size-default\">Fiyat teklifi al\u0131n<\/h2>\t\t\t\t<\/div>\n\t\t\t\t<\/div>\n\t\t\t\t<div class=\"elementor-element elementor-element-450d1c29 elementor-widget elementor-widget-text-editor\" data-id=\"450d1c29\" data-element_type=\"widget\" data-settings=\"{&quot;_animation&quot;:&quot;none&quot;,&quot;ekit_we_effect_on&quot;:&quot;none&quot;}\" data-widget_type=\"text-editor.default\">\n\t\t\t\t<div class=\"elementor-widget-container\">\n\t\t\t\t\t\t\t\t\t<p><span class=\"OYPEnA font-feature-liga-off font-feature-clig-off font-feature-calt-off text-decoration-none text-strikethrough-none\">Bir bak\u0131m dan\u0131\u015fman\u0131 olarak, size g\u00fcncel bak\u0131m sigortas\u0131 yard\u0131mlar\u0131 hakk\u0131nda kapsaml\u0131 ve anla\u015f\u0131l\u0131r bilgiler sunmak benim i\u00e7in \u00f6nemlidir. A\u015fa\u011f\u0131da, 2025 y\u0131l\u0131 i\u00e7in en \u00f6nemli bak\u0131m yard\u0131mlar\u0131na genel bir bak\u0131\u015f bulacaks\u0131n\u0131z - bak\u0131m seviyesine g\u00f6re kategorize edilmi\u015f ve bireysel destek hizmetlerinin pratik a\u00e7\u0131klamalar\u0131 ile birlikte.<\/span><\/p>\t\t\t\t\t\t\t\t<\/div>\n\t\t\t\t<\/div>\n\t\t\t\t<div class=\"elementor-element elementor-element-764f30d elementor-align-left elementor-mobile-align-center elementor-widget elementor-widget-button\" data-id=\"764f30d\" data-element_type=\"widget\" data-settings=\"{&quot;_animation&quot;:&quot;none&quot;,&quot;ekit_we_effect_on&quot;:&quot;none&quot;}\" data-widget_type=\"button.default\">\n\t\t\t\t<div class=\"elementor-widget-container\">\n\t\t\t\t\t\t\t\t\t<div class=\"elementor-button-wrapper\">\n\t\t\t\t\t<a class=\"elementor-button elementor-button-link elementor-size-sm\" href=\"\/tr\/kontakt\/\">\n\t\t\t\t\t\t<span class=\"elementor-button-content-wrapper\">\n\t\t\t\t\t\t<span class=\"elementor-button-icon\">\n\t\t\t\t<svg aria-hidden=\"true\" class=\"e-font-icon-svg e-fas-arrow-right\" viewbox=\"0 0 448 512\" xmlns=\"http:\/\/www.w3.org\/2000\/svg\"><path d=\"M190.5 66.9l22.2-22.2c9.4-9.4 24.6-9.4 33.9 0L441 239c9.4 9.4 9.4 24.6 0 33.9L246.6 467.3c-9.4 9.4-24.6 9.4-33.9 0l-22.2-22.2c-9.5-9.5-9.3-25 .4-34.3L311.4 296H24c-13.3 0-24-10.7-24-24v-32c0-13.3 10.7-24 24-24h287.4L190.9 101.2c-9.8-9.3-10-24.8-.4-34.3z\"><\/path><\/svg>\t\t\t<\/span>\n\t\t\t\t\t\t\t\t\t<span class=\"elementor-button-text\">Teklif<\/span>\n\t\t\t\t\t<\/span>\n\t\t\t\t\t<\/a>\n\t\t\t\t<\/div>\n\t\t\t\t\t\t\t\t<\/div>\n\t\t\t\t<\/div>\n\t\t\t\t<\/div>\n\t\t<div class=\"elementor-element elementor-element-65280343 e-con-full e-flex e-con e-child\" data-id=\"65280343\" data-element_type=\"container\" data-settings=\"{&quot;animation&quot;:&quot;none&quot;,&quot;_ha_eqh_enable&quot;:false}\">\n\t\t\t\t<div class=\"elementor-element elementor-element-2113f9b7 elementor-widget elementor-widget-image\" data-id=\"2113f9b7\" data-element_type=\"widget\" data-settings=\"{&quot;ekit_we_effect_on&quot;:&quot;none&quot;}\" data-widget_type=\"image.default\">\n\t\t\t\t<div class=\"elementor-widget-container\">\n\t\t\t\t\t\t\t\t\t\t\t\t\t\t\t<img decoding=\"async\" width=\"576\" height=\"729\" src=\"https:\/\/kv-pflegeleistungen.de\/wp-content\/uploads\/2025\/04\/Pflegeberatung-nach-\u00a77-SGB-XI.webp\" class=\"attachment-large size-large wp-image-249\" alt=\"\" srcset=\"https:\/\/kv-pflegeleistungen.de\/wp-content\/uploads\/2025\/04\/Pflegeberatung-nach-\u00a77-SGB-XI.webp 576w, https:\/\/kv-pflegeleistungen.de\/wp-content\/uploads\/2025\/04\/Pflegeberatung-nach-\u00a77-SGB-XI-237x300.webp 237w\" sizes=\"(max-width: 576px) 100vw, 576px\" \/>\t\t\t\t\t\t\t\t\t\t\t\t\t\t\t<\/div>\n\t\t\t\t<\/div>\n\t\t\t\t<\/div>\n\t\t\t\t\t<\/div>\n\t\t\t\t<\/div>\n\t\t\t\t<\/div>","protected":false},"excerpt":{"rendered":"<p>Pflegegrad \u2013 Beratung und Begleitung Pflegegradmanagement \u2013 Ihre Expertin an Ihrer Seite Professionelle Unterst\u00fctzung von ehemaligen Gutachtern Mit langj\u00e4hrigen Erfahrungen als Gutachterin bieten wir Ihnen eine individuelle und fachkundige Begleitung rund um das Thema Pflegegrad. Von der Vorbereitung auf den Begutachtungstermin bis hin zur Unterst\u00fctzung bei einem Widerspruch \u2013 nutzen Sie unseren Expertenwissen, um die [&hellip;]<\/p>","protected":false},"author":1,"featured_media":0,"parent":0,"menu_order":0,"comment_status":"closed","ping_status":"closed","template":"elementor_header_footer","meta":{"footnotes":""},"class_list":["post-618","page","type-page","status-publish","hentry"],"_links":{"self":[{"href":"https:\/\/kv-pflegeleistungen.de\/tr\/wp-json\/wp\/v2\/pages\/618","targetHints":{"allow":["GET"]}}],"collection":[{"href":"https:\/\/kv-pflegeleistungen.de\/tr\/wp-json\/wp\/v2\/pages"}],"about":[{"href":"https:\/\/kv-pflegeleistungen.de\/tr\/wp-json\/wp\/v2\/types\/page"}],"author":[{"embeddable":true,"href":"https:\/\/kv-pflegeleistungen.de\/tr\/wp-json\/wp\/v2\/users\/1"}],"replies":[{"embeddable":true,"href":"https:\/\/kv-pflegeleistungen.de\/tr\/wp-json\/wp\/v2\/comments?post=618"}],"version-history":[{"count":10,"href":"https:\/\/kv-pflegeleistungen.de\/tr\/wp-json\/wp\/v2\/pages\/618\/revisions"}],"predecessor-version":[{"id":1662,"href":"https:\/\/kv-pflegeleistungen.de\/tr\/wp-json\/wp\/v2\/pages\/618\/revisions\/1662"}],"wp:attachment":[{"href":"https:\/\/kv-pflegeleistungen.de\/tr\/wp-json\/wp\/v2\/media?parent=618"}],"curies":[{"name":"wp","href":"https:\/\/api.w.org\/{rel}","templated":true}]}}