{"id":1412,"date":"2025-10-06T18:19:09","date_gmt":"2025-10-06T16:19:09","guid":{"rendered":"https:\/\/kv-pflegeleistungen.de\/?page_id=1412"},"modified":"2026-01-08T17:46:00","modified_gmt":"2026-01-08T16:46:00","slug":"impressum","status":"publish","type":"page","link":"https:\/\/kv-pflegeleistungen.de\/tr\/impressum\/","title":{"rendered":"K\u00fcnye"},"content":{"rendered":"<div data-elementor-type=\"wp-page\" data-elementor-id=\"1412\" class=\"elementor elementor-1412\" data-elementor-settings=\"{&quot;ha_cmc_init_switcher&quot;:&quot;no&quot;}\" data-elementor-post-type=\"page\">\n\t\t\t\t<div class=\"elementor-element elementor-element-2f43a9ad e-flex e-con-boxed e-con e-parent\" data-id=\"2f43a9ad\" data-element_type=\"container\" data-settings=\"{&quot;_ha_eqh_enable&quot;:false}\">\n\t\t\t\t\t<div class=\"e-con-inner\">\n\t\t\t\t<div class=\"elementor-element elementor-element-3e39224b elementor-widget elementor-widget-text-editor\" data-id=\"3e39224b\" data-element_type=\"widget\" data-settings=\"{&quot;ekit_we_effect_on&quot;:&quot;none&quot;}\" data-widget_type=\"text-editor.default\">\n\t\t\t\t<div class=\"elementor-widget-container\">\n\t\t\t\t\t\t\t\t\t\n<h3>K\u00fcnye<\/h3>\n<p><strong>Hizmet sa\u011flay\u0131c\u0131<br \/><\/strong>KV-Pflegeleistungen Ekaterina Malai c\/o flexdienst - #11622 Kurt-Schumacher-Stra\u00dfe 76 67663 Kaiserslautern Almanya<\/p>\n<p><strong>\u0130leti\u015fim se\u00e7enekleri<\/strong><br \/>E-posta adresi: beratung@kv-pflegeleistungen.de<br \/>Web sitesi:\u00a0<a href=\"https:\/\/kv-pflegeleistungen.de\/tr\/\" target=\"_blank\" rel=\"noreferrer noopener\">www.kv-pflegeleistungen.de<\/a><\/p>\n\n<p>\u200b\u200b\u200b<strong>Yetkili temsilci<\/strong><br \/>Ekaterina Malai (sahip)<\/p>\n\n<p>\u200b<strong>Gazetecilik-edit\u00f6rl\u00fck teklifleri<\/strong><br \/>\u0130\u00e7erik sorumlusu: Ekaterina Malai (adres yukar\u0131daki gibi)<\/p>\n\n<p>\u200b<strong>\u015eirket detaylar\u0131<\/strong><br \/>Vergi numaras\u0131: xxxxxx<br \/>UStG \u00a7 19 uyar\u0131nca sat\u0131\u015f vergisi g\u00f6sterilmemi\u015ftir.<\/p>\n<!-- \/wp:paragraph --><!-- wp:paragraph -->\n<p>\u200b<strong>Sicil ve sicil numaras\u0131<\/strong><br \/>Ticaret siciline kay\u0131tl\u0131 de\u011fil (\u015fah\u0131s \u015firketi)<\/p>\n<!-- \/wp:paragraph --><!-- wp:paragraph -->\n<p>Uyu\u015fmazl\u0131k \u00e7\u00f6z\u00fcm\u00fc ve t\u00fcketici uyu\u015fmazl\u0131klar\u0131n\u0131n \u00e7\u00f6z\u00fcm\u00fc<\/p>\n<!-- \/wp:paragraph --><!-- wp:paragraph -->\n<p><br \/>Avrupa Komisyonu, \u00e7evrimi\u00e7i uyu\u015fmazl\u0131k \u00e7\u00f6z\u00fcm\u00fc (OS) i\u00e7in bir platform sa\u011flamaktad\u0131r:<br \/><a href=\"https:\/\/ec.europa.eu\/consumers\/odr\/\" target=\"_blank\" rel=\"noreferrer noopener\">https:\/\/ec.europa.eu\/consumers\/odr\/<\/a><br \/>T\u00fcketici uyu\u015fmazl\u0131k \u00e7\u00f6z\u00fcm merkezi nezdinde bir uyu\u015fmazl\u0131k \u00e7\u00f6z\u00fcm prosed\u00fcr\u00fcne kat\u0131lmaya istekli de\u011filim ve buna mecbur de\u011filim.<\/p>\n<!-- \/wp:paragraph --><!-- wp:paragraph -->\n<p>\u200b<strong>Sorumluluk ve fikri m\u00fclkiyet haklar\u0131<\/strong><br \/>Bu web sitesinin i\u00e7eri\u011fi m\u00fcmk\u00fcn olan en b\u00fcy\u00fck \u00f6zen g\u00f6sterilerek olu\u015fturulmu\u015ftur. Ancak, i\u00e7eri\u011fin do\u011frulu\u011fu, eksiksizli\u011fi ve g\u00fcncelli\u011fi konusunda hi\u00e7bir garanti verilemez.<br \/>\u00dc\u00e7\u00fcnc\u00fc taraflar\u0131n ba\u011flant\u0131l\u0131 harici web siteleri yaln\u0131zca ilgili sa\u011flay\u0131c\u0131lar\u0131n sorumlulu\u011funa tabidir.<br \/>Bu web sitesinde yay\u0131nlanan t\u00fcm i\u00e7erik (metin, resim, grafik) telif hakk\u0131na tabidir. Her t\u00fcrl\u00fc kullan\u0131m, telif hakk\u0131 sahibinin \u00f6nceden yaz\u0131l\u0131 iznini gerektirir.<\/p>\n<!-- \/wp:paragraph --><!-- wp:paragraph -->\n<p>Daha fazla bilgi<br \/>Bu web sitesinin t\u00fcm i\u00e7eri\u011fi telif hakk\u0131 ile korunmaktad\u0131r ve a\u00e7\u0131k izin olmadan kullan\u0131lamaz.<\/p>\n<!-- \/wp:paragraph --><!-- wp:paragraph -->\n<p>\u200b<strong>Resim kredileri<\/strong><\/p>\n<p>taraf\u0131ndan freepik premium\u00a0<\/p>\t\t\t\t\t\t\t\t<\/div>\n\t\t\t\t<\/div>\n\t\t\t\t\t<\/div>\n\t\t\t\t<\/div>\n\t\t\t\t<\/div>","protected":false},"excerpt":{"rendered":"<p>Impressum DiensteanbieterKV-Pflegeleistungen Ekaterina Malai c\/o flexdienst &#8211; #11622 Kurt-Schumacher-Stra\u00dfe 76 67663 Kaiserslautern Deutschland Kontaktm\u00f6glichkeitenE-Mail-Adresse: beratung@kv-pflegeleistungen.deWebsite:\u00a0www.kv-pflegeleistungen.de \u200b\u200b\u200bVertretungsberechtigte PersonEkaterina Malai (Inhaberin) \u200bJournalistisch-redaktionelle AngeboteInhaltlich verantwortlich: Ekaterina Malai (Adresse wie oben) \u200bAngaben zum UnternehmenSteuernummer: xxxxxxGem\u00e4\u00df \u00a7 19 UStG wird keine Umsatzsteuer ausgewiesen. \u200bRegister und RegisternummerNicht eingetragen im Handelsregister (Einzelunternehmen) Streitschlichtung und Verbraucherstreitbeilegung Die Europ\u00e4ische Kommission stellt eine Plattform zur [&hellip;]<\/p>","protected":false},"author":1,"featured_media":0,"parent":0,"menu_order":0,"comment_status":"closed","ping_status":"closed","template":"elementor_header_footer","meta":{"footnotes":""},"class_list":["post-1412","page","type-page","status-publish","hentry"],"_links":{"self":[{"href":"https:\/\/kv-pflegeleistungen.de\/tr\/wp-json\/wp\/v2\/pages\/1412","targetHints":{"allow":["GET"]}}],"collection":[{"href":"https:\/\/kv-pflegeleistungen.de\/tr\/wp-json\/wp\/v2\/pages"}],"about":[{"href":"https:\/\/kv-pflegeleistungen.de\/tr\/wp-json\/wp\/v2\/types\/page"}],"author":[{"embeddable":true,"href":"https:\/\/kv-pflegeleistungen.de\/tr\/wp-json\/wp\/v2\/users\/1"}],"replies":[{"embeddable":true,"href":"https:\/\/kv-pflegeleistungen.de\/tr\/wp-json\/wp\/v2\/comments?post=1412"}],"version-history":[{"count":10,"href":"https:\/\/kv-pflegeleistungen.de\/tr\/wp-json\/wp\/v2\/pages\/1412\/revisions"}],"predecessor-version":[{"id":1827,"href":"https:\/\/kv-pflegeleistungen.de\/tr\/wp-json\/wp\/v2\/pages\/1412\/revisions\/1827"}],"wp:attachment":[{"href":"https:\/\/kv-pflegeleistungen.de\/tr\/wp-json\/wp\/v2\/media?parent=1412"}],"curies":[{"name":"wp","href":"https:\/\/api.w.org\/{rel}","templated":true}]}}