{"id":1523,"date":"2026-01-08T13:38:26","date_gmt":"2026-01-08T12:38:26","guid":{"rendered":"https:\/\/kv-pflegeleistungen.de\/?page_id=1523"},"modified":"2026-01-08T13:53:18","modified_gmt":"2026-01-08T12:53:18","slug":"news","status":"publish","type":"page","link":"https:\/\/kv-pflegeleistungen.de\/ru\/news\/","title":{"rendered":"\u041d\u043e\u0432\u043e\u0441\u0442\u0438"},"content":{"rendered":"<div data-elementor-type=\"wp-page\" data-elementor-id=\"1523\" class=\"elementor elementor-1523\" data-elementor-settings=\"{&quot;ha_cmc_init_switcher&quot;:&quot;no&quot;}\" data-elementor-post-type=\"page\">\n\t\t\t\t<div class=\"elementor-element elementor-element-cdfd2c5 e-flex e-con-boxed e-con e-parent\" data-id=\"cdfd2c5\" data-element_type=\"container\" data-settings=\"{&quot;_ha_eqh_enable&quot;:false}\">\n\t\t\t\t\t<div class=\"e-con-inner\">\n\t\t<div class=\"elementor-element elementor-element-642c295f e-con-full e-flex elementor-invisible e-con e-child\" data-id=\"642c295f\" data-element_type=\"container\" data-settings=\"{&quot;animation&quot;:&quot;zoomIn&quot;,&quot;_ha_eqh_enable&quot;:false}\">\n\t\t\t\t<div class=\"elementor-element elementor-element-987c5 elementor-widget elementor-widget-heading\" data-id=\"987c5\" data-element_type=\"widget\" data-settings=\"{&quot;ekit_we_effect_on&quot;:&quot;none&quot;}\" data-widget_type=\"heading.default\">\n\t\t\t\t<div class=\"elementor-widget-container\">\n\t\t\t\t\t<h2 class=\"elementor-heading-title elementor-size-default\">\u041d\u043e\u0432\u043e\u0441\u0442\u0438 \u0438 \u043e\u0431\u043d\u043e\u0432\u043b\u0435\u043d\u0438\u044f<\/h2>\t\t\t\t<\/div>\n\t\t\t\t<\/div>\n\t\t\t\t<\/div>\n\t\t<div class=\"elementor-element elementor-element-3941a9d1 e-con-full e-flex e-con e-child\" data-id=\"3941a9d1\" data-element_type=\"container\" data-settings=\"{&quot;_ha_eqh_enable&quot;:false}\">\n\t\t<div class=\"elementor-element elementor-element-354ff9df e-con-full e-flex elementor-invisible e-con e-child\" data-id=\"354ff9df\" data-element_type=\"container\" data-settings=\"{&quot;animation&quot;:&quot;fadeInLeft&quot;,&quot;_ha_eqh_enable&quot;:false}\">\n\t\t\t\t<div class=\"elementor-element elementor-element-463ed5f elementor-widget__width-inherit elementor-widget elementor-widget-jkit_post_block\" data-id=\"463ed5f\" data-element_type=\"widget\" data-settings=\"{&quot;ekit_we_effect_on&quot;:&quot;none&quot;}\" data-widget_type=\"jkit_post_block.default\">\n\t\t\t\t<div class=\"elementor-widget-container\">\n\t\t\t\t\t<div  class=\"jeg-elementor-kit jkit-postblock postblock-type-1 jkit-pagination-disable post-element jeg_module___69d0e013be5f0\"  data-id=\"jeg_module___69d0e013be5f0\" data-settings=\"{&quot;post_type&quot;:&quot;post&quot;,&quot;number_post&quot;:{&quot;unit&quot;:&quot;px&quot;,&quot;size&quot;:1,&quot;sizes&quot;:[]},&quot;post_offset&quot;:0,&quot;unique_content&quot;:&quot;disable&quot;,&quot;include_post&quot;:&quot;&quot;,&quot;exclude_post&quot;:&quot;&quot;,&quot;include_category&quot;:&quot;8&quot;,&quot;exclude_category&quot;:&quot;&quot;,&quot;include_author&quot;:&quot;&quot;,&quot;include_tag&quot;:&quot;&quot;,&quot;exclude_tag&quot;:&quot;&quot;,&quot;sort_by&quot;:&quot;latest&quot;,&quot;pagination_mode&quot;:&quot;disable&quot;,&quot;pagination_loadmore_text&quot;:&quot;Load More&quot;,&quot;pagination_loading_text&quot;:&quot;Loading...&quot;,&quot;pagination_number_post&quot;:{&quot;unit&quot;:&quot;px&quot;,&quot;size&quot;:3,&quot;sizes&quot;:[]},&quot;pagination_scroll_limit&quot;:0,&quot;pagination_icon&quot;:{&quot;value&quot;:&quot;&quot;,&quot;library&quot;:&quot;&quot;},&quot;pagination_icon_position&quot;:&quot;before&quot;,&quot;st_category_position&quot;:&quot;center&quot;,&quot;sg_content_postblock_type&quot;:&quot;type-1&quot;,&quot;sg_content_element_order&quot;:&quot;meta,title,excerpt,read&quot;,&quot;sg_content_breakpoint&quot;:&quot;tablet&quot;,&quot;sg_content_title_html_tag&quot;:&quot;h3&quot;,&quot;sg_content_category_enable&quot;:&quot;&quot;,&quot;sg_content_excerpt_enable&quot;:&quot;yes&quot;,&quot;sg_content_excerpt_length&quot;:{&quot;unit&quot;:&quot;px&quot;,&quot;size&quot;:20,&quot;sizes&quot;:[]},&quot;sg_content_excerpt_more&quot;:&quot;...&quot;,&quot;sg_content_readmore_enable&quot;:&quot;yes&quot;,&quot;sg_content_readmore_icon&quot;:{&quot;value&quot;:&quot;fas fa-arrow-right&quot;,&quot;library&quot;:&quot;fa-solid&quot;},&quot;sg_content_readmore_icon_position&quot;:&quot;after&quot;,&quot;sg_content_readmore_text&quot;:&quot;mehr erfahren&quot;,&quot;sg_content_comment_enable&quot;:&quot;&quot;,&quot;sg_content_comment_icon&quot;:{&quot;value&quot;:&quot;fas fa-comment&quot;,&quot;library&quot;:&quot;fa-solid&quot;},&quot;sg_content_comment_icon_position&quot;:&quot;before&quot;,&quot;sg_content_meta_enable&quot;:&quot;yes&quot;,&quot;sg_content_meta_author_enable&quot;:&quot;&quot;,&quot;sg_content_meta_author_by_text&quot;:&quot;by&quot;,&quot;sg_content_meta_author_icon&quot;:{&quot;value&quot;:&quot;fas fa-user&quot;,&quot;library&quot;:&quot;fa-solid&quot;},&quot;sg_content_meta_author_icon_position&quot;:&quot;before&quot;,&quot;sg_content_meta_date_enable&quot;:&quot;yes&quot;,&quot;sg_content_meta_date_type&quot;:&quot;published&quot;,&quot;sg_content_meta_date_format&quot;:&quot;default&quot;,&quot;sg_content_meta_date_format_custom&quot;:&quot;F j, Y&quot;,&quot;sg_content_meta_date_icon&quot;:{&quot;value&quot;:&quot;&quot;,&quot;library&quot;:&quot;&quot;},&quot;sg_content_meta_date_icon_position&quot;:&quot;before&quot;,&quot;sg_content_image_size_imagesize_size&quot;:&quot;full&quot;,&quot;paged&quot;:1,&quot;class&quot;:&quot;jkit_post_block&quot;}\"><div class=\"jkit-block-container\"><div class=\"jkit-posts jkit-ajax-flag\">\n            <article class=\"jkit-post post-1532 post type-post status-publish format-standard has-post-thumbnail hentry category-news\">\n                    <div class=\"jkit-thumb\"><a aria-label=\"\u041a\u043e\u043d\u0441\u0443\u043b\u044c\u0442\u0430\u0446\u0438\u0438 \u043f\u043e \u0443\u0445\u043e\u0434\u0443 \u0432 2026 \u0433\u043e\u0434\u0443: \u0412\u0430\u0448\u0435 \u043f\u0440\u0430\u0432\u043e, \u0432\u0430\u0448\u0438 \u043e\u0431\u044f\u0437\u0430\u043d\u043d\u043e\u0441\u0442\u0438 - \u0438 \u0447\u0442\u043e \u0438\u0437\u043c\u0435\u043d\u0438\u043b\u043e\u0441\u044c \u0432 \u0441\u0432\u044f\u0437\u0438 \u0441 \u043d\u043e\u0432\u044b\u043c\u0438 \u0437\u0430\u043a\u043e\u043d\u0430\u043c\u0438\" href=\"https:\/\/kv-pflegeleistungen.de\/ru\/pflegeberatung-2026\/\"><div class=\"thumbnail-container\">\n            <img loading=\"lazy\" decoding=\"async\" width=\"1366\" height=\"768\" src=\"https:\/\/kv-pflegeleistungen.de\/wp-content\/uploads\/2025\/07\/Beratungsseite.png\" class=\"attachment-full size-full wp-post-image\" alt=\"\" srcset=\"https:\/\/kv-pflegeleistungen.de\/wp-content\/uploads\/2025\/07\/Beratungsseite.png 1366w, https:\/\/kv-pflegeleistungen.de\/wp-content\/uploads\/2025\/07\/Beratungsseite-300x169.png 300w, https:\/\/kv-pflegeleistungen.de\/wp-content\/uploads\/2025\/07\/Beratungsseite-1024x576.png 1024w, https:\/\/kv-pflegeleistungen.de\/wp-content\/uploads\/2025\/07\/Beratungsseite-768x432.png 768w, https:\/\/kv-pflegeleistungen.de\/wp-content\/uploads\/2025\/07\/Beratungsseite-18x10.png 18w\" sizes=\"auto, (max-width: 1366px) 100vw, 1366px\" \/>\n        <\/div><\/a><\/div>\n                    <div class=\"jkit-postblock-content\"><div class=\"jkit-post-meta\"><div class=\"jkit-meta-date icon-position-before\">8. \u044f\u043d\u0432\u0430\u0440\u044f 2026<\/div><\/div><h3 class=\"jkit-post-title\">\n\t\t\t\t\t\t\t<a href=\"https:\/\/kv-pflegeleistungen.de\/ru\/pflegeberatung-2026\/\">\u041a\u043e\u043d\u0441\u0443\u043b\u044c\u0442\u0430\u0446\u0438\u0438 \u043f\u043e \u0443\u0445\u043e\u0434\u0443 \u0432 2026 \u0433\u043e\u0434\u0443: \u0412\u0430\u0448\u0435 \u043f\u0440\u0430\u0432\u043e, \u0432\u0430\u0448\u0438 \u043e\u0431\u044f\u0437\u0430\u043d\u043d\u043e\u0441\u0442\u0438 - \u0438 \u0447\u0442\u043e \u0438\u0437\u043c\u0435\u043d\u0438\u043b\u043e\u0441\u044c \u0432 \u0441\u0432\u044f\u0437\u0438 \u0441 \u043d\u043e\u0432\u044b\u043c\u0438 \u0437\u0430\u043a\u043e\u043d\u0430\u043c\u0438<\/a>\n\t\t\t\t\t\t<\/h3><div class=\"jkit-post-excerpt\"><p>\u0423\u0445\u043e\u0434 \u043c\u043e\u0436\u0435\u0442 \u0441\u0442\u0430\u0442\u044c \u043f\u0440\u043e\u0431\u043b\u0435\u043c\u043e\u0439 \u0432\u043d\u0435\u0437\u0430\u043f\u043d\u043e \u0438\u043b\u0438 \u043c\u0435\u043d\u044f\u0442\u044c\u0441\u044f \u043f\u043e\u0441\u0442\u0435\u043f\u0435\u043d\u043d\u043e. \u041f\u043e\u043b\u0435\u0437\u043d\u043e \u0437\u043d\u0430\u0442\u044c: \u0412 \u0413\u0435\u0440\u043c\u0430\u043d\u0438\u0438 \u043b\u044e\u0434\u0438, \u043d\u0443\u0436\u0434\u0430\u044e\u0449\u0438\u0435\u0441\u044f \u0432 \u0443\u0445\u043e\u0434\u0435, \u0438 \u0438\u0445 \u0440\u043e\u0434\u0441\u0442\u0432\u0435\u043d\u043d\u0438\u043a\u0438...<\/p><\/div><div class=\"jkit-post-meta-bottom\">\n\t\t\t\t\t\t\t<div class=\"jkit-meta-readmore icon-position-after\">\n                <a title=\"\u041a\u043e\u043d\u0441\u0443\u043b\u044c\u0442\u0430\u0446\u0438\u0438 \u043f\u043e \u0443\u0445\u043e\u0434\u0443 \u0432 2026 \u0433\u043e\u0434\u0443: \u0412\u0430\u0448\u0435 \u043f\u0440\u0430\u0432\u043e, \u0432\u0430\u0448\u0438 \u043e\u0431\u044f\u0437\u0430\u043d\u043d\u043e\u0441\u0442\u0438 - \u0438 \u0447\u0442\u043e \u0438\u0437\u043c\u0435\u043d\u0438\u043b\u043e\u0441\u044c \u0432 \u0441\u0432\u044f\u0437\u0438 \u0441 \u043d\u043e\u0432\u044b\u043c\u0438 \u0437\u0430\u043a\u043e\u043d\u0430\u043c\u0438\" href=\"https:\/\/kv-pflegeleistungen.de\/ru\/pflegeberatung-2026\/\" class=\"jkit-readmore\">\u0443\u0437\u043d\u0430\u0442\u044c \u0431\u043e\u043b\u044c\u0448\u0435<svg aria-hidden=\"true\" class=\"e-font-icon-svg e-fas-arrow-right\" viewbox=\"0 0 448 512\" xmlns=\"http:\/\/www.w3.org\/2000\/svg\"><path d=\"M190.5 66.9l22.2-22.2c9.4-9.4 24.6-9.4 33.9 0L441 239c9.4 9.4 9.4 24.6 0 33.9L246.6 467.3c-9.4 9.4-24.6 9.4-33.9 0l-22.2-22.2c-9.5-9.5-9.3-25 .4-34.3L311.4 296H24c-13.3 0-24-10.7-24-24v-32c0-13.3 10.7-24 24-24h287.4L190.9 101.2c-9.8-9.3-10-24.8-.4-34.3z\"><\/path><\/svg><\/a>\n            <\/div>\n\t\t\t\t\t\t<\/div><\/div>\n                <\/article>\n        <\/div><\/div><\/div>\t\t\t\t<\/div>\n\t\t\t\t<\/div>\n\t\t\t\t<\/div>\n\t\t\t\t<\/div>\n\t\t\t\t\t<\/div>\n\t\t\t\t<\/div>\n\t\t\t\t<\/div>","protected":false},"excerpt":{"rendered":"<p>News and Updates edit post 8. Januar 2026 Pflegeberatung 2026: Ihr Anspruch, Ihre Pflichten \u2013 und was sich durch neue Gesetze ge\u00e4ndert hat Pflege kann pl\u00f6tzlich ein Thema werden \u2013 oder sich schleichend ver\u00e4ndern. Gut zu wissen: In Deutschland haben Pflegebed\u00fcrftige und Angeh\u00f6rige&#8230; mehr erfahren<\/p>","protected":false},"author":1,"featured_media":0,"parent":0,"menu_order":0,"comment_status":"closed","ping_status":"closed","template":"elementor_header_footer","meta":{"footnotes":""},"class_list":["post-1523","page","type-page","status-publish","hentry"],"_links":{"self":[{"href":"https:\/\/kv-pflegeleistungen.de\/ru\/wp-json\/wp\/v2\/pages\/1523","targetHints":{"allow":["GET"]}}],"collection":[{"href":"https:\/\/kv-pflegeleistungen.de\/ru\/wp-json\/wp\/v2\/pages"}],"about":[{"href":"https:\/\/kv-pflegeleistungen.de\/ru\/wp-json\/wp\/v2\/types\/page"}],"author":[{"embeddable":true,"href":"https:\/\/kv-pflegeleistungen.de\/ru\/wp-json\/wp\/v2\/users\/1"}],"replies":[{"embeddable":true,"href":"https:\/\/kv-pflegeleistungen.de\/ru\/wp-json\/wp\/v2\/comments?post=1523"}],"version-history":[{"count":10,"href":"https:\/\/kv-pflegeleistungen.de\/ru\/wp-json\/wp\/v2\/pages\/1523\/revisions"}],"predecessor-version":[{"id":1561,"href":"https:\/\/kv-pflegeleistungen.de\/ru\/wp-json\/wp\/v2\/pages\/1523\/revisions\/1561"}],"wp:attachment":[{"href":"https:\/\/kv-pflegeleistungen.de\/ru\/wp-json\/wp\/v2\/media?parent=1523"}],"curies":[{"name":"wp","href":"https:\/\/api.w.org\/{rel}","templated":true}]}}